{"id":134779,"date":"2025-02-23T12:09:47","date_gmt":"2025-02-23T11:09:47","guid":{"rendered":"https:\/\/love.onyx-sites.io\/?page_id=134779"},"modified":"2025-07-06T12:05:32","modified_gmt":"2025-07-06T10:05:32","slug":"love-colinas-las-colinas-golf-properties","status":"publish","type":"page","link":"https:\/\/lovecolinas.com\/es\/","title":{"rendered":"Love Colinas - Las Colinas Golf Properties"},"content":{"rendered":"<div data-elementor-type=\"wp-page\" data-elementor-id=\"134779\" class=\"elementor elementor-134779\" data-elementor-post-type=\"page\">\n\t\t\t\t<div class=\"elementor-element elementor-element-22a4659 e-grid e-con-full e-con e-parent\" data-id=\"22a4659\" data-element_type=\"container\" data-e-type=\"container\" data-settings=\"{&quot;background_background&quot;:&quot;video&quot;,&quot;background_video_link&quot;:&quot;https:\\\/\\\/youtu.be\\\/DPUNj9l5TSk&quot;,&quot;background_play_on_mobile&quot;:&quot;yes&quot;}\">\n\t\t<div class=\"elementor-background-video-container\">\n\t\t\t\t\t\t\t<div class=\"elementor-background-video-embed\" role=\"presentation\"><\/div>\n\t\t\t\t\t\t<\/div>\t\t<div class=\"elementor-element elementor-element-d213ebf elementor-widget elementor-widget-houzez_elementor_space\" data-id=\"d213ebf\" data-element_type=\"widget\" data-e-type=\"widget\" data-widget_type=\"houzez_elementor_space.default\">\n\t\t\t\t<div class=\"elementor-widget-container\">\n\t\t\t\t\t        <div class=\"houzez-spacer\">\n            <div class=\"houzez-spacer-inner\"><\/div>\n        <\/div>\n        \t\t\t\t<\/div>\n\t\t\t\t<\/div>\n\t\t\t\t<div class=\"elementor-element elementor-element-b11382b elementor-widget elementor-widget-heading\" data-id=\"b11382b\" data-element_type=\"widget\" data-e-type=\"widget\" data-widget_type=\"heading.default\">\n\t\t\t\t<div class=\"elementor-widget-container\">\n\t\t\t\t\t<h1 class=\"elementor-heading-title elementor-size-default\">Discover<\/h1>\t\t\t\t<\/div>\n\t\t\t\t<\/div>\n\t\t\t\t<div class=\"elementor-element elementor-element-7a11cff elementor-widget elementor-widget-heading\" data-id=\"7a11cff\" data-element_type=\"widget\" data-e-type=\"widget\" data-widget_type=\"heading.default\">\n\t\t\t\t<div class=\"elementor-widget-container\">\n\t\t\t\t\t<p class=\"elementor-heading-title elementor-size-default\">THE LARGEST SELECTION OF<br>PROPERTIES ON LAS COLINAS GOLF<br>NEW, OFF-PLAN &amp; RESALE<\/p>\t\t\t\t<\/div>\n\t\t\t\t<\/div>\n\t\t\t\t<div class=\"elementor-element elementor-element-162e62d elementor-widget elementor-widget-houzez_elementor_space\" data-id=\"162e62d\" data-element_type=\"widget\" data-e-type=\"widget\" data-widget_type=\"houzez_elementor_space.default\">\n\t\t\t\t<div class=\"elementor-widget-container\">\n\t\t\t\t\t        <div class=\"houzez-spacer\">\n            <div class=\"houzez-spacer-inner\"><\/div>\n        <\/div>\n        \t\t\t\t<\/div>\n\t\t\t\t<\/div>\n\t\t\t\t<\/div>\n\t\t\t\t<section class=\"elementor-section elementor-top-section elementor-element elementor-element-819cd5b elementor-section-boxed elementor-section-height-default elementor-section-height-default\" data-id=\"819cd5b\" data-element_type=\"section\" data-e-type=\"section\" data-settings=\"{&quot;background_background&quot;:&quot;classic&quot;}\">\n\t\t\t\t\t\t<div class=\"elementor-container elementor-column-gap-default\">\n\t\t\t\t\t<div class=\"elementor-column elementor-col-100 elementor-top-column elementor-element elementor-element-747f32c\" data-id=\"747f32c\" data-element_type=\"column\" data-e-type=\"column\" data-settings=\"{&quot;background_background&quot;:&quot;slideshow&quot;,&quot;background_slideshow_gallery&quot;:[],&quot;background_slideshow_loop&quot;:&quot;yes&quot;,&quot;background_slideshow_slide_duration&quot;:5000,&quot;background_slideshow_slide_transition&quot;:&quot;fade&quot;,&quot;background_slideshow_transition_duration&quot;:500}\">\n\t\t\t<div class=\"elementor-widget-wrap elementor-element-populated\">\n\t\t\t\t\t\t<div class=\"elementor-element elementor-element-c0f5c26 elementor-widget elementor-widget-spacer\" data-id=\"c0f5c26\" data-element_type=\"widget\" data-e-type=\"widget\" data-widget_type=\"spacer.default\">\n\t\t\t\t<div class=\"elementor-widget-container\">\n\t\t\t\t\t\t\t<div class=\"elementor-spacer\">\n\t\t\t<div class=\"elementor-spacer-inner\"><\/div>\n\t\t<\/div>\n\t\t\t\t\t\t<\/div>\n\t\t\t\t<\/div>\n\t\t\t\t<div class=\"elementor-element elementor-element-dd5f280 elementor-widget elementor-widget-heading\" data-id=\"dd5f280\" data-element_type=\"widget\" data-e-type=\"widget\" data-widget_type=\"heading.default\">\n\t\t\t\t<div class=\"elementor-widget-container\">\n\t\t\t\t\t<h1 class=\"elementor-heading-title elementor-size-default\">We are love colinas<\/h1>\t\t\t\t<\/div>\n\t\t\t\t<\/div>\n\t\t\t\t<div class=\"elementor-element elementor-element-03ca8a0 elementor-widget elementor-widget-text-editor\" data-id=\"03ca8a0\" data-element_type=\"widget\" data-e-type=\"widget\" data-widget_type=\"text-editor.default\">\n\t\t\t\t<div class=\"elementor-widget-container\">\n\t\t\t\t\t\t\t\t\t<p>The Independent Real Estate Agent on Las Colinas Golf<\/p>\t\t\t\t\t\t\t\t<\/div>\n\t\t\t\t<\/div>\n\t\t\t\t<div class=\"elementor-element elementor-element-fa2335f elementor-widget elementor-widget-spacer\" data-id=\"fa2335f\" data-element_type=\"widget\" data-e-type=\"widget\" data-widget_type=\"spacer.default\">\n\t\t\t\t<div class=\"elementor-widget-container\">\n\t\t\t\t\t\t\t<div class=\"elementor-spacer\">\n\t\t\t<div class=\"elementor-spacer-inner\"><\/div>\n\t\t<\/div>\n\t\t\t\t\t\t<\/div>\n\t\t\t\t<\/div>\n\t\t\t\t<div class=\"elementor-element elementor-element-1459404 elementor-widget elementor-widget-text-editor\" data-id=\"1459404\" data-element_type=\"widget\" data-e-type=\"widget\" data-widget_type=\"text-editor.default\">\n\t\t\t\t<div class=\"elementor-widget-container\">\n\t\t\t\t\t\t\t\t\t<p>Welcome to Love Colinas, we are dedicated to providing a personalised service to both our sellers and buyers.<\/p><p>Nuestro equipo es peque\u00f1o y amable, y nuestra m\u00e1xima prioridad es asegurarnos de que nuestros clientes est\u00e9n satisfechos. Estamos orgullosos de haber recibido un premio en los International Property Awards, una prueba m\u00e1s de nuestro compromiso con la excelencia.<\/p><p>Si tiene alguna pregunta o desea iniciar una conversaci\u00f3n, utilice nuestra funci\u00f3n de chat en directo para ponerse en contacto con nosotros. Hablamos ingl\u00e9s, neerland\u00e9s y espa\u00f1ol, entre otros idiomas, as\u00ed que no dudes en ponerte en contacto con nosotros.<\/p>\t\t\t\t\t\t\t\t<\/div>\n\t\t\t\t<\/div>\n\t\t\t\t<div class=\"elementor-element elementor-element-ce9f97e elementor-widget elementor-widget-spacer\" data-id=\"ce9f97e\" data-element_type=\"widget\" data-e-type=\"widget\" data-widget_type=\"spacer.default\">\n\t\t\t\t<div class=\"elementor-widget-container\">\n\t\t\t\t\t\t\t<div class=\"elementor-spacer\">\n\t\t\t<div class=\"elementor-spacer-inner\"><\/div>\n\t\t<\/div>\n\t\t\t\t\t\t<\/div>\n\t\t\t\t<\/div>\n\t\t\t\t\t<\/div>\n\t\t<\/div>\n\t\t\t\t\t<\/div>\n\t\t<\/section>\n\t\t\t\t<\/div>","protected":false},"excerpt":{"rendered":"<p>Discover THE LARGEST SELECTION OFPROPERTIES ON LAS COLINAS GOLFNEW, OFF-PLAN &amp; RESALE We are love colinas The Independent Real Estate Agent on Las Colinas Golf Welcome to Love Colinas, we are dedicated to providing a personalised service to both our sellers and buyers. Our team is small and friendly, and our top priority is making [&hellip;]<\/p>\n","protected":false},"author":1,"featured_media":0,"parent":0,"menu_order":0,"comment_status":"closed","ping_status":"closed","template":"elementor_header_footer","meta":{"footnotes":""},"class_list":["post-134779","page","type-page","status-publish","hentry"],"_links":{"self":[{"href":"https:\/\/lovecolinas.com\/es\/wp-json\/wp\/v2\/pages\/134779"}],"collection":[{"href":"https:\/\/lovecolinas.com\/es\/wp-json\/wp\/v2\/pages"}],"about":[{"href":"https:\/\/lovecolinas.com\/es\/wp-json\/wp\/v2\/types\/page"}],"author":[{"embeddable":true,"href":"https:\/\/lovecolinas.com\/es\/wp-json\/wp\/v2\/users\/1"}],"replies":[{"embeddable":true,"href":"https:\/\/lovecolinas.com\/es\/wp-json\/wp\/v2\/comments?post=134779"}],"version-history":[{"count":38,"href":"https:\/\/lovecolinas.com\/es\/wp-json\/wp\/v2\/pages\/134779\/revisions"}],"predecessor-version":[{"id":147485,"href":"https:\/\/lovecolinas.com\/es\/wp-json\/wp\/v2\/pages\/134779\/revisions\/147485"}],"wp:attachment":[{"href":"https:\/\/lovecolinas.com\/es\/wp-json\/wp\/v2\/media?parent=134779"}],"curies":[{"name":"wp","href":"https:\/\/api.w.org\/{rel}","templated":true}]}}