{"id":74417,"date":"2023-09-08T17:41:22","date_gmt":"2023-09-08T15:41:22","guid":{"rendered":"https:\/\/lovecolinas.com\/?page_id=74417"},"modified":"2023-09-08T17:52:15","modified_gmt":"2023-09-08T15:52:15","slug":"phil-williams","status":"publish","type":"page","link":"https:\/\/lovecolinas.com\/es\/phil-williams\/","title":{"rendered":"Phil Williams"},"content":{"rendered":"<div data-elementor-type=\"wp-page\" data-elementor-id=\"74417\" class=\"elementor elementor-74417\" data-elementor-post-type=\"page\">\n\t\t\t\t\t\t<section class=\"elementor-section elementor-top-section elementor-element elementor-element-ceb9a95 elementor-section-boxed elementor-section-height-default elementor-section-height-default\" data-id=\"ceb9a95\" data-element_type=\"section\" data-e-type=\"section\" data-settings=\"{&quot;background_background&quot;:&quot;classic&quot;}\">\n\t\t\t\t\t\t<div class=\"elementor-container elementor-column-gap-default\">\n\t\t\t\t\t<div class=\"elementor-column elementor-col-100 elementor-top-column elementor-element elementor-element-e305552\" data-id=\"e305552\" data-element_type=\"column\" data-e-type=\"column\">\n\t\t\t<div class=\"elementor-widget-wrap elementor-element-populated\">\n\t\t\t\t\t\t<div class=\"elementor-element elementor-element-3747b65 elementor-widget elementor-widget-spacer\" data-id=\"3747b65\" data-element_type=\"widget\" data-e-type=\"widget\" data-widget_type=\"spacer.default\">\n\t\t\t\t<div class=\"elementor-widget-container\">\n\t\t\t\t\t\t\t<div class=\"elementor-spacer\">\n\t\t\t<div class=\"elementor-spacer-inner\"><\/div>\n\t\t<\/div>\n\t\t\t\t\t\t<\/div>\n\t\t\t\t<\/div>\n\t\t\t\t<div class=\"elementor-element elementor-element-85356b6 elementor-widget elementor-widget-heading\" data-id=\"85356b6\" data-element_type=\"widget\" data-e-type=\"widget\" data-widget_type=\"heading.default\">\n\t\t\t\t<div class=\"elementor-widget-container\">\n\t\t\t\t\t<h1 class=\"elementor-heading-title elementor-size-default\">VILLAS PARA PHIL WILLIAMS<\/h1>\t\t\t\t<\/div>\n\t\t\t\t<\/div>\n\t\t\t\t<div class=\"elementor-element elementor-element-8d30cb2 elementor-widget elementor-widget-text-editor\" data-id=\"8d30cb2\" data-element_type=\"widget\" data-e-type=\"widget\" data-widget_type=\"text-editor.default\">\n\t\t\t\t<div class=\"elementor-widget-container\">\n\t\t\t\t\t\t\t\t\t<p style=\"text-align: center;\">UN SOLO NIVEL CON UN NIVEL INFERIOR CON ESPACIO DE VIDA EXTRA<br>EN BREVE SE A\u00d1ADIR\u00c1N M\u00c1S PROPIEDADES<\/p>\t\t\t\t\t\t\t\t<\/div>\n\t\t\t\t<\/div>\n\t\t\t\t<div class=\"elementor-element elementor-element-27ace76 elementor-widget elementor-widget-spacer\" data-id=\"27ace76\" data-element_type=\"widget\" data-e-type=\"widget\" data-widget_type=\"spacer.default\">\n\t\t\t\t<div class=\"elementor-widget-container\">\n\t\t\t\t\t\t\t<div class=\"elementor-spacer\">\n\t\t\t<div class=\"elementor-spacer-inner\"><\/div>\n\t\t<\/div>\n\t\t\t\t\t\t<\/div>\n\t\t\t\t<\/div>\n\t\t\t\t<div class=\"elementor-element elementor-element-666ca69 elementor-widget elementor-widget-houzez_elementor_property-card-v6\" data-id=\"666ca69\" data-element_type=\"widget\" data-e-type=\"widget\" data-widget_type=\"houzez_elementor_property-card-v6.default\">\n\t\t\t\t<div class=\"elementor-widget-container\">\n\t\t\t\t\t\t\t\r\n\t\t<div id=\"properties_module_section\" class=\"property-cards-module property-cards-module-v1 property-cards-module-2-cols\">\r\n\t\t\t<div id=\"module_properties\" class=\"listing-view grid-view card-deck\">\r\n\t\t\t\t<div id=\"listing-63801\" class=\"item-listing-wrap item-listing-wrap-v6 card\">\n\t<div class=\"item-wrap item-wrap-v6 h-100\">\n\t\t<div class=\"d-flex align-items-center h-100\">\n\t\t\t<div class=\"item-header\">\n\t\t\t\t<span class=\"label-featured label\">Presentado<\/span>\n\t\t\t\t<div class=\"labels-wrap labels-right\"> \n\n\t<a href=\"https:\/\/lovecolinas.com\/es\/label\/key-ready\/\" class=\"hz-label label label-color-1145\">\n\t\t\t\t\tListo para llaves\n\t\t\t\t<\/a><a href=\"https:\/\/lovecolinas.com\/es\/label\/video-tour\/\" class=\"hz-label label label-color-1231\">\n\t\t\t\t\tVIDEO TOUR\n\t\t\t\t<\/a>       \n\n<\/div>\n\t\t\t\t<a href=\"https:\/\/lovecolinas.com\/es\/properties-for-sale\/limonero-4\/\">\n\t\t\t\t<img fetchpriority=\"high\" decoding=\"async\" width=\"584\" height=\"438\" src=\"https:\/\/lovecolinas.com\/wp-content\/uploads\/2022\/06\/lim4-web-thumbs-584x438.jpg\" class=\"img-fluid\" alt=\"\" srcset=\"https:\/\/lovecolinas.com\/wp-content\/uploads\/2022\/06\/lim4-web-thumbs-584x438.jpg 584w, https:\/\/lovecolinas.com\/wp-content\/uploads\/2022\/06\/lim4-web-thumbs-300x225.jpg 300w, https:\/\/lovecolinas.com\/wp-content\/uploads\/2022\/06\/lim4-web-thumbs-1024x768.jpg 1024w, https:\/\/lovecolinas.com\/wp-content\/uploads\/2022\/06\/lim4-web-thumbs-768x576.jpg 768w, https:\/\/lovecolinas.com\/wp-content\/uploads\/2022\/06\/lim4-web-thumbs-16x12.jpg 16w, https:\/\/lovecolinas.com\/wp-content\/uploads\/2022\/06\/lim4-web-thumbs-592x444.jpg 592w, https:\/\/lovecolinas.com\/wp-content\/uploads\/2022\/06\/lim4-web-thumbs-800x600.jpg 800w, https:\/\/lovecolinas.com\/wp-content\/uploads\/2022\/06\/lim4-web-thumbs-120x90.jpg 120w, https:\/\/lovecolinas.com\/wp-content\/uploads\/2022\/06\/lim4-web-thumbs-496x372.jpg 496w, https:\/\/lovecolinas.com\/wp-content\/uploads\/2022\/06\/lim4-web-thumbs.jpg 1040w\" sizes=\"(max-width: 584px) 100vw, 584px\" \/>\t\t\t\t<\/a><!-- hover-effect -->\n\n\t\t\t\t\t\t\t\t<div class=\"preview_loader\"><\/div>\n\t\t\t<\/div><!-- item-header -->\t\n\t\t\t<div class=\"item-body flex-grow-1\">\n\t\t\t\t<h2 class=\"item-title\">\n\t<a target=\"_self\" href=\"https:\/\/lovecolinas.com\/es\/properties-for-sale\/limonero-4\/\">Limonero 4<\/a>\n<\/h2><!-- item-title -->\t\t\t\t<address class=\"item-address\">Las Colinas Golf &amp; Country Club<\/address>\n\t\t\t\t<div class=\"d-flex justify-content-between align-items-center amenities-price-wrap\">\n\t\t\t\t\t<ul class=\"item-price-wrap\">\n\t\t\t\t\t\t<li class=\"item-price\"> \u20ac1.650.000<\/li>\n\t\t\t\t\t<\/ul>\n\t\t\t\t\t<ul class=\"item-amenities item-amenities-with-icons\">\n\t<li class=\"h-beds\"><i class=\"houzez-icon icon-hotel-double-bed-1 mr-1\"><\/i><span class=\"item-amenities-text\">Camas:<\/span> <span class=\"hz-figure\">4<\/span><\/li><li class=\"h-baths\"><i class=\"houzez-icon icon-bathroom-shower-1 mr-1\"><\/i><span class=\"item-amenities-text\">Balneario:<\/span> <span class=\"hz-figure\">4<\/span><\/li><li class=\"h-area\"><i class=\"houzez-icon icon-ruler-triangle mr-1\"><\/i><span class=\"hz-figure\">200<\/span> <span class=\"hz-figure area_postfix\">m\u00b2<\/span><\/li><li class=\"h-land-area\"><i class=\"houzez-icon icon-real-estate-dimensions-map mr-1\"><\/i><span>849<\/span> m\u00b2<\/li><\/ul>\t\t\t\t<\/div><!-- d-flex -->\n\t\t\t<\/div><!-- item-body -->\n\t\t<\/div><!-- d-flex -->\n\t<\/div><!-- item-wrap -->\n<\/div><!-- item-listing-wrap --><div id=\"listing-147763\" class=\"item-listing-wrap item-listing-wrap-v6 card\">\n\t<div class=\"item-wrap item-wrap-v6 h-100\">\n\t\t<div class=\"d-flex align-items-center h-100\">\n\t\t\t<div class=\"item-header\">\n\t\t\t\t<span class=\"label-featured label\">Presentado<\/span>\n\t\t\t\t<div class=\"labels-wrap labels-right\"> \n\n\t<a href=\"https:\/\/lovecolinas.com\/es\/label\/sold\/\" class=\"hz-label label label-color-1181\">\n\t\t\t\t\tVENDIDO\n\t\t\t\t<\/a><a href=\"https:\/\/lovecolinas.com\/es\/label\/video-tour\/\" class=\"hz-label label label-color-1231\">\n\t\t\t\t\tVIDEO TOUR\n\t\t\t\t<\/a>       \n\n<\/div>\n\t\t\t\t<a href=\"https:\/\/lovecolinas.com\/es\/properties-for-sale\/limonero-villa-2\/\">\n\t\t\t\t<img decoding=\"async\" width=\"584\" height=\"438\" src=\"https:\/\/lovecolinas.com\/wp-content\/uploads\/2025\/08\/20250802-IMG_7657-584x438.jpg\" class=\"img-fluid\" alt=\"\" srcset=\"https:\/\/lovecolinas.com\/wp-content\/uploads\/2025\/08\/20250802-IMG_7657-584x438.jpg 584w, https:\/\/lovecolinas.com\/wp-content\/uploads\/2025\/08\/20250802-IMG_7657-300x225.jpg 300w, https:\/\/lovecolinas.com\/wp-content\/uploads\/2025\/08\/20250802-IMG_7657-1024x768.jpg 1024w, https:\/\/lovecolinas.com\/wp-content\/uploads\/2025\/08\/20250802-IMG_7657-768x576.jpg 768w, https:\/\/lovecolinas.com\/wp-content\/uploads\/2025\/08\/20250802-IMG_7657-1536x1152.jpg 1536w, https:\/\/lovecolinas.com\/wp-content\/uploads\/2025\/08\/20250802-IMG_7657-16x12.jpg 16w, https:\/\/lovecolinas.com\/wp-content\/uploads\/2025\/08\/20250802-IMG_7657-592x444.jpg 592w, https:\/\/lovecolinas.com\/wp-content\/uploads\/2025\/08\/20250802-IMG_7657-800x600.jpg 800w, https:\/\/lovecolinas.com\/wp-content\/uploads\/2025\/08\/20250802-IMG_7657-120x90.jpg 120w, https:\/\/lovecolinas.com\/wp-content\/uploads\/2025\/08\/20250802-IMG_7657-496x372.jpg 496w, https:\/\/lovecolinas.com\/wp-content\/uploads\/2025\/08\/20250802-IMG_7657.jpg 1700w\" sizes=\"(max-width: 584px) 100vw, 584px\" \/>\t\t\t\t<\/a><!-- hover-effect -->\n\n\t\t\t\t\t\t\t\t<div class=\"preview_loader\"><\/div>\n\t\t\t<\/div><!-- item-header -->\t\n\t\t\t<div class=\"item-body flex-grow-1\">\n\t\t\t\t<h2 class=\"item-title\">\n\t<a target=\"_self\" href=\"https:\/\/lovecolinas.com\/es\/properties-for-sale\/limonero-villa-2\/\">Villa Limonero<\/a>\n<\/h2><!-- item-title -->\t\t\t\t<address class=\"item-address\">Las Colinas Golf &amp; Country Club<\/address>\n\t\t\t\t<div class=\"d-flex justify-content-between align-items-center amenities-price-wrap\">\n\t\t\t\t\t<ul class=\"item-price-wrap\">\n\t\t\t\t\t\t<li class=\"item-price\"> \u20ac950.000<\/li>\n\t\t\t\t\t<\/ul>\n\t\t\t\t\t<ul class=\"item-amenities item-amenities-with-icons\">\n\t<li class=\"h-beds\"><i class=\"houzez-icon icon-hotel-double-bed-1 mr-1\"><\/i><span class=\"item-amenities-text\">Camas:<\/span> <span class=\"hz-figure\">3<\/span><\/li><li class=\"h-baths\"><i class=\"houzez-icon icon-bathroom-shower-1 mr-1\"><\/i><span class=\"item-amenities-text\">Balneario:<\/span> <span class=\"hz-figure\">3<\/span><\/li><li class=\"h-area\"><i class=\"houzez-icon icon-ruler-triangle mr-1\"><\/i><span class=\"hz-figure\">190<\/span> <span class=\"hz-figure area_postfix\">m\u00b2<\/span><\/li><\/ul>\t\t\t\t<\/div><!-- d-flex -->\n\t\t\t<\/div><!-- item-body -->\n\t\t<\/div><!-- d-flex -->\n\t<\/div><!-- item-wrap -->\n<\/div><!-- item-listing-wrap -->\r\n\t\t\t<\/div><!-- listing-view -->\r\n\r\n\t\t\t\t\t<\/div><!-- property-grid-module -->\r\n\r\n\t\t\t\t\t\t<\/div>\n\t\t\t\t<\/div>\n\t\t\t\t<div class=\"elementor-element elementor-element-e17886d elementor-widget elementor-widget-spacer\" data-id=\"e17886d\" data-element_type=\"widget\" data-e-type=\"widget\" data-widget_type=\"spacer.default\">\n\t\t\t\t<div class=\"elementor-widget-container\">\n\t\t\t\t\t\t\t<div class=\"elementor-spacer\">\n\t\t\t<div class=\"elementor-spacer-inner\"><\/div>\n\t\t<\/div>\n\t\t\t\t\t\t<\/div>\n\t\t\t\t<\/div>\n\t\t\t\t\t<\/div>\n\t\t<\/div>\n\t\t\t\t\t<\/div>\n\t\t<\/section>\n\t\t\t\t<\/div>","protected":false},"excerpt":{"rendered":"<p>VILLAS FOR PHIL WILLIAMS SINGLE LEVEL WITH A LOWER LEVEL WITH EXTRA LIVING SPACEMORE PROPERTIES TO BE ADDED SHORTLY Featured Adelfa 7 Las Colinas Golf &#038; Country Club \u20ac1.700.000 Beds: 3 Baths: 4 ID: AD7 Featured Key Ready MIMOSA 10 Las Colinas Golf &#038; Country Club \u20ac1.650.000 Beds: 4 Baths: 6 ID: MI10 Featured Key [&hellip;]<\/p>\n","protected":false},"author":281,"featured_media":0,"parent":0,"menu_order":0,"comment_status":"closed","ping_status":"closed","template":"elementor_header_footer","meta":{"footnotes":""},"class_list":["post-74417","page","type-page","status-publish","hentry"],"_links":{"self":[{"href":"https:\/\/lovecolinas.com\/es\/wp-json\/wp\/v2\/pages\/74417"}],"collection":[{"href":"https:\/\/lovecolinas.com\/es\/wp-json\/wp\/v2\/pages"}],"about":[{"href":"https:\/\/lovecolinas.com\/es\/wp-json\/wp\/v2\/types\/page"}],"author":[{"embeddable":true,"href":"https:\/\/lovecolinas.com\/es\/wp-json\/wp\/v2\/users\/281"}],"replies":[{"embeddable":true,"href":"https:\/\/lovecolinas.com\/es\/wp-json\/wp\/v2\/comments?post=74417"}],"version-history":[{"count":4,"href":"https:\/\/lovecolinas.com\/es\/wp-json\/wp\/v2\/pages\/74417\/revisions"}],"predecessor-version":[{"id":74425,"href":"https:\/\/lovecolinas.com\/es\/wp-json\/wp\/v2\/pages\/74417\/revisions\/74425"}],"wp:attachment":[{"href":"https:\/\/lovecolinas.com\/es\/wp-json\/wp\/v2\/media?parent=74417"}],"curies":[{"name":"wp","href":"https:\/\/api.w.org\/{rel}","templated":true}]}}